{"id":258,"date":"2020-08-10T09:06:16","date_gmt":"2020-08-10T09:06:16","guid":{"rendered":"http:\/\/source.wpopal.com\/freshio\/product\/sleek-bronze-pants\/"},"modified":"2020-08-10T09:06:16","modified_gmt":"2020-08-10T09:06:16","slug":"sleek-bronze-pants","status":"publish","type":"product","link":"https:\/\/azoreanpoke.com\/en\/product\/sleek-bronze-pants\/","title":{"rendered":"Sleek Bronze Pants"},"content":{"rendered":"<p>Quasi nostrum sed alias ipsam quam. Aperiam modi possimus nulla sed. Modi nemo veniam voluptatem et pariatur sit temporibus eveniet. Aut distinctio perspiciatis soluta iure aperiam amet cumque. Voluptates vero aliquid aperiam nostrum voluptas.<\/p>\n<p>Id blanditiis officia quasi libero quo voluptas. Quibusdam fugit autem quibusdam est minima maiores accusantium. Voluptatem facere excepturi aspernatur soluta rem.<\/p>\n<p>Eveniet porro voluptatem exercitationem omnis ut blanditiis. Ut et beatae dolorem totam.<\/p>","protected":false},"excerpt":{"rendered":"<p>Officiis et voluptatem repudiandae et quia. Provident fugiat ut fugiat dolor rem incidunt. Repellat voluptatem voluptatem illum incidunt facere.<\/p>","protected":false},"featured_media":580,"comment_status":"closed","ping_status":"closed","template":"","meta":[],"product_brand":[],"product_cat":[60],"product_tag":[],"class_list":{"0":"post-258","1":"product","2":"type-product","3":"status-publish","4":"has-post-thumbnail","6":"product_cat-health-wellness","8":"first","9":"instock","10":"sold-individually","11":"shipping-taxable","12":"purchasable","13":"product-type-simple"},"yoast_head":"<!-- This site is optimized with the Yoast SEO plugin v26.6 - https:\/\/yoast.com\/wordpress\/plugins\/seo\/ -->\n<title>Sleek Bronze Pants - Azorean Poke<\/title>\n<meta name=\"robots\" content=\"index, follow, max-snippet:-1, max-image-preview:large, max-video-preview:-1\" \/>\n<link rel=\"canonical\" href=\"https:\/\/azoreanpoke.com\/en\/product\/sleek-bronze-pants\/\" \/>\n<meta property=\"og:locale\" content=\"en_US\" \/>\n<meta property=\"og:type\" content=\"article\" \/>\n<meta property=\"og:title\" content=\"Sleek Bronze Pants - Azorean Poke\" \/>\n<meta property=\"og:description\" content=\"Officiis et voluptatem repudiandae et quia. Provident fugiat ut fugiat dolor rem incidunt. Repellat voluptatem voluptatem illum incidunt facere.\" \/>\n<meta property=\"og:url\" content=\"https:\/\/azoreanpoke.com\/en\/product\/sleek-bronze-pants\/\" \/>\n<meta property=\"og:site_name\" content=\"Azorean Poke\" \/>\n<meta property=\"og:image\" content=\"https:\/\/azoreanpoke.com\/wp-content\/uploads\/2020\/08\/placeholder.jpg\" \/>\n\t<meta property=\"og:image:width\" content=\"1000\" \/>\n\t<meta property=\"og:image:height\" content=\"1000\" \/>\n\t<meta property=\"og:image:type\" content=\"image\/jpeg\" \/>\n<meta name=\"twitter:card\" content=\"summary_large_image\" \/>\n<script type=\"application\/ld+json\" class=\"yoast-schema-graph\">{\"@context\":\"https:\/\/schema.org\",\"@graph\":[{\"@type\":\"WebPage\",\"@id\":\"https:\/\/azoreanpoke.com\/produto\/sleek-bronze-pants\/\",\"url\":\"https:\/\/azoreanpoke.com\/produto\/sleek-bronze-pants\/\",\"name\":\"Sleek Bronze Pants - Azorean Poke\",\"isPartOf\":{\"@id\":\"https:\/\/azoreanpoke.com\/#website\"},\"primaryImageOfPage\":{\"@id\":\"https:\/\/azoreanpoke.com\/produto\/sleek-bronze-pants\/#primaryimage\"},\"image\":{\"@id\":\"https:\/\/azoreanpoke.com\/produto\/sleek-bronze-pants\/#primaryimage\"},\"thumbnailUrl\":\"https:\/\/azoreanpoke.com\/wp-content\/uploads\/2020\/08\/placeholder.jpg\",\"datePublished\":\"2020-08-10T09:06:16+00:00\",\"breadcrumb\":{\"@id\":\"https:\/\/azoreanpoke.com\/produto\/sleek-bronze-pants\/#breadcrumb\"},\"inLanguage\":\"en-US\",\"potentialAction\":[{\"@type\":\"ReadAction\",\"target\":[\"https:\/\/azoreanpoke.com\/produto\/sleek-bronze-pants\/\"]}]},{\"@type\":\"ImageObject\",\"inLanguage\":\"en-US\",\"@id\":\"https:\/\/azoreanpoke.com\/produto\/sleek-bronze-pants\/#primaryimage\",\"url\":\"https:\/\/azoreanpoke.com\/wp-content\/uploads\/2020\/08\/placeholder.jpg\",\"contentUrl\":\"https:\/\/azoreanpoke.com\/wp-content\/uploads\/2020\/08\/placeholder.jpg\",\"width\":1000,\"height\":1000},{\"@type\":\"BreadcrumbList\",\"@id\":\"https:\/\/azoreanpoke.com\/produto\/sleek-bronze-pants\/#breadcrumb\",\"itemListElement\":[{\"@type\":\"ListItem\",\"position\":1,\"name\":\"In\u00edcio\",\"item\":\"https:\/\/azoreanpoke.com\/\"},{\"@type\":\"ListItem\",\"position\":2,\"name\":\"Loja\",\"item\":\"https:\/\/azoreanpoke.com\/loja\/\"},{\"@type\":\"ListItem\",\"position\":3,\"name\":\"Sleek Bronze Pants\"}]},{\"@type\":\"WebSite\",\"@id\":\"https:\/\/azoreanpoke.com\/#website\",\"url\":\"https:\/\/azoreanpoke.com\/\",\"name\":\"Azorean Poke | Poke Bowls Frescos em S\u00e3o Miguel, A\u00e7ores\",\"description\":\"Poke Bowls em S\u00e3o Miguel A\u00e7ores\",\"publisher\":{\"@id\":\"https:\/\/azoreanpoke.com\/#organization\"},\"potentialAction\":[{\"@type\":\"SearchAction\",\"target\":{\"@type\":\"EntryPoint\",\"urlTemplate\":\"https:\/\/azoreanpoke.com\/?s={search_term_string}\"},\"query-input\":{\"@type\":\"PropertyValueSpecification\",\"valueRequired\":true,\"valueName\":\"search_term_string\"}}],\"inLanguage\":\"en-US\"},{\"@type\":\"Organization\",\"@id\":\"https:\/\/azoreanpoke.com\/#organization\",\"name\":\"Azorean Poke\",\"url\":\"https:\/\/azoreanpoke.com\/\",\"logo\":{\"@type\":\"ImageObject\",\"inLanguage\":\"en-US\",\"@id\":\"https:\/\/azoreanpoke.com\/#\/schema\/logo\/image\/\",\"url\":\"https:\/\/azoreanpoke.com\/wp-content\/uploads\/2025\/12\/cropped-bd7e05_9f37b79b53b5475ea5b29a72a77dfdc7mv2-Photoroom.png\",\"contentUrl\":\"https:\/\/azoreanpoke.com\/wp-content\/uploads\/2025\/12\/cropped-bd7e05_9f37b79b53b5475ea5b29a72a77dfdc7mv2-Photoroom.png\",\"width\":791,\"height\":856,\"caption\":\"Azorean Poke\"},\"image\":{\"@id\":\"https:\/\/azoreanpoke.com\/#\/schema\/logo\/image\/\"},\"sameAs\":[\"https:\/\/www.instagram.com\/azoreanpoke\/\"]}]}<\/script>\n<!-- \/ Yoast SEO plugin. -->","yoast_head_json":{"title":"Sleek Bronze Pants - Azorean Poke","robots":{"index":"index","follow":"follow","max-snippet":"max-snippet:-1","max-image-preview":"max-image-preview:large","max-video-preview":"max-video-preview:-1"},"canonical":"https:\/\/azoreanpoke.com\/en\/product\/sleek-bronze-pants\/","og_locale":"en_US","og_type":"article","og_title":"Sleek Bronze Pants - Azorean Poke","og_description":"Officiis et voluptatem repudiandae et quia. Provident fugiat ut fugiat dolor rem incidunt. Repellat voluptatem voluptatem illum incidunt facere.","og_url":"https:\/\/azoreanpoke.com\/en\/product\/sleek-bronze-pants\/","og_site_name":"Azorean Poke","og_image":[{"width":1000,"height":1000,"url":"https:\/\/azoreanpoke.com\/wp-content\/uploads\/2020\/08\/placeholder.jpg","type":"image\/jpeg"}],"twitter_card":"summary_large_image","schema":{"@context":"https:\/\/schema.org","@graph":[{"@type":"WebPage","@id":"https:\/\/azoreanpoke.com\/produto\/sleek-bronze-pants\/","url":"https:\/\/azoreanpoke.com\/produto\/sleek-bronze-pants\/","name":"Sleek Bronze Pants - Azorean Poke","isPartOf":{"@id":"https:\/\/azoreanpoke.com\/#website"},"primaryImageOfPage":{"@id":"https:\/\/azoreanpoke.com\/produto\/sleek-bronze-pants\/#primaryimage"},"image":{"@id":"https:\/\/azoreanpoke.com\/produto\/sleek-bronze-pants\/#primaryimage"},"thumbnailUrl":"https:\/\/azoreanpoke.com\/wp-content\/uploads\/2020\/08\/placeholder.jpg","datePublished":"2020-08-10T09:06:16+00:00","breadcrumb":{"@id":"https:\/\/azoreanpoke.com\/produto\/sleek-bronze-pants\/#breadcrumb"},"inLanguage":"en-US","potentialAction":[{"@type":"ReadAction","target":["https:\/\/azoreanpoke.com\/produto\/sleek-bronze-pants\/"]}]},{"@type":"ImageObject","inLanguage":"en-US","@id":"https:\/\/azoreanpoke.com\/produto\/sleek-bronze-pants\/#primaryimage","url":"https:\/\/azoreanpoke.com\/wp-content\/uploads\/2020\/08\/placeholder.jpg","contentUrl":"https:\/\/azoreanpoke.com\/wp-content\/uploads\/2020\/08\/placeholder.jpg","width":1000,"height":1000},{"@type":"BreadcrumbList","@id":"https:\/\/azoreanpoke.com\/produto\/sleek-bronze-pants\/#breadcrumb","itemListElement":[{"@type":"ListItem","position":1,"name":"In\u00edcio","item":"https:\/\/azoreanpoke.com\/"},{"@type":"ListItem","position":2,"name":"Loja","item":"https:\/\/azoreanpoke.com\/loja\/"},{"@type":"ListItem","position":3,"name":"Sleek Bronze Pants"}]},{"@type":"WebSite","@id":"https:\/\/azoreanpoke.com\/#website","url":"https:\/\/azoreanpoke.com\/","name":"Azorean Poke | Poke Bowls Frescos em S\u00e3o Miguel, A\u00e7ores","description":"Poke Bowls em S\u00e3o Miguel A\u00e7ores","publisher":{"@id":"https:\/\/azoreanpoke.com\/#organization"},"potentialAction":[{"@type":"SearchAction","target":{"@type":"EntryPoint","urlTemplate":"https:\/\/azoreanpoke.com\/?s={search_term_string}"},"query-input":{"@type":"PropertyValueSpecification","valueRequired":true,"valueName":"search_term_string"}}],"inLanguage":"en-US"},{"@type":"Organization","@id":"https:\/\/azoreanpoke.com\/#organization","name":"Azorean Poke","url":"https:\/\/azoreanpoke.com\/","logo":{"@type":"ImageObject","inLanguage":"en-US","@id":"https:\/\/azoreanpoke.com\/#\/schema\/logo\/image\/","url":"https:\/\/azoreanpoke.com\/wp-content\/uploads\/2025\/12\/cropped-bd7e05_9f37b79b53b5475ea5b29a72a77dfdc7mv2-Photoroom.png","contentUrl":"https:\/\/azoreanpoke.com\/wp-content\/uploads\/2025\/12\/cropped-bd7e05_9f37b79b53b5475ea5b29a72a77dfdc7mv2-Photoroom.png","width":791,"height":856,"caption":"Azorean Poke"},"image":{"@id":"https:\/\/azoreanpoke.com\/#\/schema\/logo\/image\/"},"sameAs":["https:\/\/www.instagram.com\/azoreanpoke\/"]}]}},"_links":{"self":[{"href":"https:\/\/azoreanpoke.com\/en\/wp-json\/wp\/v2\/product\/258","targetHints":{"allow":["GET"]}}],"collection":[{"href":"https:\/\/azoreanpoke.com\/en\/wp-json\/wp\/v2\/product"}],"about":[{"href":"https:\/\/azoreanpoke.com\/en\/wp-json\/wp\/v2\/types\/product"}],"replies":[{"embeddable":true,"href":"https:\/\/azoreanpoke.com\/en\/wp-json\/wp\/v2\/comments?post=258"}],"wp:featuredmedia":[{"embeddable":true,"href":"https:\/\/azoreanpoke.com\/en\/wp-json\/wp\/v2\/media\/580"}],"wp:attachment":[{"href":"https:\/\/azoreanpoke.com\/en\/wp-json\/wp\/v2\/media?parent=258"}],"wp:term":[{"taxonomy":"product_brand","embeddable":true,"href":"https:\/\/azoreanpoke.com\/en\/wp-json\/wp\/v2\/product_brand?post=258"},{"taxonomy":"product_cat","embeddable":true,"href":"https:\/\/azoreanpoke.com\/en\/wp-json\/wp\/v2\/product_cat?post=258"},{"taxonomy":"product_tag","embeddable":true,"href":"https:\/\/azoreanpoke.com\/en\/wp-json\/wp\/v2\/product_tag?post=258"}],"curies":[{"name":"wp","href":"https:\/\/api.w.org\/{rel}","templated":true}]}}