{"id":240,"date":"2020-08-10T09:06:14","date_gmt":"2020-08-10T09:06:14","guid":{"rendered":"http:\/\/source.wpopal.com\/freshio\/product\/small-copper-lamp\/"},"modified":"2020-08-10T09:06:14","modified_gmt":"2020-08-10T09:06:14","slug":"small-copper-lamp","status":"publish","type":"product","link":"https:\/\/azoreanpoke.com\/en\/product\/small-copper-lamp\/","title":{"rendered":"Small Copper Lamp"},"content":{"rendered":"<p>Exercitationem exercitationem magnam sunt voluptatum est dolorem repudiandae dolorem. Dolores commodi velit molestias vero accusamus architecto rerum ea. Quos nemo officia sunt optio dolorem. In quos assumenda distinctio voluptas saepe dolor molestiae.<\/p>\n<p>Expedita quod velit maiores voluptatum incidunt ut. Quibusdam quae facilis vitae eaque corporis laborum voluptatem. Quia rerum voluptate nisi temporibus. Tenetur non tempora qui voluptatum commodi.<\/p>\n<p>Aut esse dolor possimus sint reiciendis. Accusamus magni accusantium iure ipsum. Aperiam aperiam accusamus illo et voluptate nihil impedit distinctio.<\/p>","protected":false},"excerpt":{"rendered":"<p>At minus vel dolores eos et soluta voluptas. Sit fugiat fuga libero debitis tempore sit dolorem. In mollitia accusantium nobis tenetur molestiae. Voluptatem nesciunt aut fugit et eius.<\/p>","protected":false},"featured_media":580,"comment_status":"closed","ping_status":"closed","template":"","meta":[],"product_brand":[],"product_cat":[58,77],"product_tag":[],"class_list":{"0":"post-240","1":"product","2":"type-product","3":"status-publish","4":"has-post-thumbnail","6":"product_cat-grocery-staples","7":"product_cat-uncategorized","9":"first","10":"instock","11":"shipping-taxable","12":"purchasable","13":"product-type-simple"},"yoast_head":"<!-- This site is optimized with the Yoast SEO plugin v26.6 - https:\/\/yoast.com\/wordpress\/plugins\/seo\/ -->\n<title>Small Copper Lamp - Azorean Poke<\/title>\n<meta name=\"robots\" content=\"index, follow, max-snippet:-1, max-image-preview:large, max-video-preview:-1\" \/>\n<link rel=\"canonical\" href=\"https:\/\/azoreanpoke.com\/en\/product\/small-copper-lamp\/\" \/>\n<meta property=\"og:locale\" content=\"en_US\" \/>\n<meta property=\"og:type\" content=\"article\" \/>\n<meta property=\"og:title\" content=\"Small Copper Lamp - Azorean Poke\" \/>\n<meta property=\"og:description\" content=\"At minus vel dolores eos et soluta voluptas. Sit fugiat fuga libero debitis tempore sit dolorem. In mollitia accusantium nobis tenetur molestiae. Voluptatem nesciunt aut fugit et eius.\" \/>\n<meta property=\"og:url\" content=\"https:\/\/azoreanpoke.com\/en\/product\/small-copper-lamp\/\" \/>\n<meta property=\"og:site_name\" content=\"Azorean Poke\" \/>\n<meta property=\"og:image\" content=\"https:\/\/azoreanpoke.com\/wp-content\/uploads\/2020\/08\/placeholder.jpg\" \/>\n\t<meta property=\"og:image:width\" content=\"1000\" \/>\n\t<meta property=\"og:image:height\" content=\"1000\" \/>\n\t<meta property=\"og:image:type\" content=\"image\/jpeg\" \/>\n<meta name=\"twitter:card\" content=\"summary_large_image\" \/>\n<script type=\"application\/ld+json\" class=\"yoast-schema-graph\">{\"@context\":\"https:\/\/schema.org\",\"@graph\":[{\"@type\":\"WebPage\",\"@id\":\"https:\/\/azoreanpoke.com\/produto\/small-copper-lamp\/\",\"url\":\"https:\/\/azoreanpoke.com\/produto\/small-copper-lamp\/\",\"name\":\"Small Copper Lamp - Azorean Poke\",\"isPartOf\":{\"@id\":\"https:\/\/azoreanpoke.com\/#website\"},\"primaryImageOfPage\":{\"@id\":\"https:\/\/azoreanpoke.com\/produto\/small-copper-lamp\/#primaryimage\"},\"image\":{\"@id\":\"https:\/\/azoreanpoke.com\/produto\/small-copper-lamp\/#primaryimage\"},\"thumbnailUrl\":\"https:\/\/azoreanpoke.com\/wp-content\/uploads\/2020\/08\/placeholder.jpg\",\"datePublished\":\"2020-08-10T09:06:14+00:00\",\"breadcrumb\":{\"@id\":\"https:\/\/azoreanpoke.com\/produto\/small-copper-lamp\/#breadcrumb\"},\"inLanguage\":\"en-US\",\"potentialAction\":[{\"@type\":\"ReadAction\",\"target\":[\"https:\/\/azoreanpoke.com\/produto\/small-copper-lamp\/\"]}]},{\"@type\":\"ImageObject\",\"inLanguage\":\"en-US\",\"@id\":\"https:\/\/azoreanpoke.com\/produto\/small-copper-lamp\/#primaryimage\",\"url\":\"https:\/\/azoreanpoke.com\/wp-content\/uploads\/2020\/08\/placeholder.jpg\",\"contentUrl\":\"https:\/\/azoreanpoke.com\/wp-content\/uploads\/2020\/08\/placeholder.jpg\",\"width\":1000,\"height\":1000},{\"@type\":\"BreadcrumbList\",\"@id\":\"https:\/\/azoreanpoke.com\/produto\/small-copper-lamp\/#breadcrumb\",\"itemListElement\":[{\"@type\":\"ListItem\",\"position\":1,\"name\":\"In\u00edcio\",\"item\":\"https:\/\/azoreanpoke.com\/\"},{\"@type\":\"ListItem\",\"position\":2,\"name\":\"Loja\",\"item\":\"https:\/\/azoreanpoke.com\/loja\/\"},{\"@type\":\"ListItem\",\"position\":3,\"name\":\"Small Copper Lamp\"}]},{\"@type\":\"WebSite\",\"@id\":\"https:\/\/azoreanpoke.com\/#website\",\"url\":\"https:\/\/azoreanpoke.com\/\",\"name\":\"Azorean Poke | Poke Bowls Frescos em S\u00e3o Miguel, A\u00e7ores\",\"description\":\"Poke Bowls em S\u00e3o Miguel A\u00e7ores\",\"publisher\":{\"@id\":\"https:\/\/azoreanpoke.com\/#organization\"},\"potentialAction\":[{\"@type\":\"SearchAction\",\"target\":{\"@type\":\"EntryPoint\",\"urlTemplate\":\"https:\/\/azoreanpoke.com\/?s={search_term_string}\"},\"query-input\":{\"@type\":\"PropertyValueSpecification\",\"valueRequired\":true,\"valueName\":\"search_term_string\"}}],\"inLanguage\":\"en-US\"},{\"@type\":\"Organization\",\"@id\":\"https:\/\/azoreanpoke.com\/#organization\",\"name\":\"Azorean Poke\",\"url\":\"https:\/\/azoreanpoke.com\/\",\"logo\":{\"@type\":\"ImageObject\",\"inLanguage\":\"en-US\",\"@id\":\"https:\/\/azoreanpoke.com\/#\/schema\/logo\/image\/\",\"url\":\"https:\/\/azoreanpoke.com\/wp-content\/uploads\/2025\/12\/cropped-bd7e05_9f37b79b53b5475ea5b29a72a77dfdc7mv2-Photoroom.png\",\"contentUrl\":\"https:\/\/azoreanpoke.com\/wp-content\/uploads\/2025\/12\/cropped-bd7e05_9f37b79b53b5475ea5b29a72a77dfdc7mv2-Photoroom.png\",\"width\":791,\"height\":856,\"caption\":\"Azorean Poke\"},\"image\":{\"@id\":\"https:\/\/azoreanpoke.com\/#\/schema\/logo\/image\/\"},\"sameAs\":[\"https:\/\/www.instagram.com\/azoreanpoke\/\"]}]}<\/script>\n<!-- \/ Yoast SEO plugin. -->","yoast_head_json":{"title":"Small Copper Lamp - Azorean Poke","robots":{"index":"index","follow":"follow","max-snippet":"max-snippet:-1","max-image-preview":"max-image-preview:large","max-video-preview":"max-video-preview:-1"},"canonical":"https:\/\/azoreanpoke.com\/en\/product\/small-copper-lamp\/","og_locale":"en_US","og_type":"article","og_title":"Small Copper Lamp - Azorean Poke","og_description":"At minus vel dolores eos et soluta voluptas. Sit fugiat fuga libero debitis tempore sit dolorem. In mollitia accusantium nobis tenetur molestiae. Voluptatem nesciunt aut fugit et eius.","og_url":"https:\/\/azoreanpoke.com\/en\/product\/small-copper-lamp\/","og_site_name":"Azorean Poke","og_image":[{"width":1000,"height":1000,"url":"https:\/\/azoreanpoke.com\/wp-content\/uploads\/2020\/08\/placeholder.jpg","type":"image\/jpeg"}],"twitter_card":"summary_large_image","schema":{"@context":"https:\/\/schema.org","@graph":[{"@type":"WebPage","@id":"https:\/\/azoreanpoke.com\/produto\/small-copper-lamp\/","url":"https:\/\/azoreanpoke.com\/produto\/small-copper-lamp\/","name":"Small Copper Lamp - Azorean Poke","isPartOf":{"@id":"https:\/\/azoreanpoke.com\/#website"},"primaryImageOfPage":{"@id":"https:\/\/azoreanpoke.com\/produto\/small-copper-lamp\/#primaryimage"},"image":{"@id":"https:\/\/azoreanpoke.com\/produto\/small-copper-lamp\/#primaryimage"},"thumbnailUrl":"https:\/\/azoreanpoke.com\/wp-content\/uploads\/2020\/08\/placeholder.jpg","datePublished":"2020-08-10T09:06:14+00:00","breadcrumb":{"@id":"https:\/\/azoreanpoke.com\/produto\/small-copper-lamp\/#breadcrumb"},"inLanguage":"en-US","potentialAction":[{"@type":"ReadAction","target":["https:\/\/azoreanpoke.com\/produto\/small-copper-lamp\/"]}]},{"@type":"ImageObject","inLanguage":"en-US","@id":"https:\/\/azoreanpoke.com\/produto\/small-copper-lamp\/#primaryimage","url":"https:\/\/azoreanpoke.com\/wp-content\/uploads\/2020\/08\/placeholder.jpg","contentUrl":"https:\/\/azoreanpoke.com\/wp-content\/uploads\/2020\/08\/placeholder.jpg","width":1000,"height":1000},{"@type":"BreadcrumbList","@id":"https:\/\/azoreanpoke.com\/produto\/small-copper-lamp\/#breadcrumb","itemListElement":[{"@type":"ListItem","position":1,"name":"In\u00edcio","item":"https:\/\/azoreanpoke.com\/"},{"@type":"ListItem","position":2,"name":"Loja","item":"https:\/\/azoreanpoke.com\/loja\/"},{"@type":"ListItem","position":3,"name":"Small Copper Lamp"}]},{"@type":"WebSite","@id":"https:\/\/azoreanpoke.com\/#website","url":"https:\/\/azoreanpoke.com\/","name":"Azorean Poke | Poke Bowls Frescos em S\u00e3o Miguel, A\u00e7ores","description":"Poke Bowls em S\u00e3o Miguel A\u00e7ores","publisher":{"@id":"https:\/\/azoreanpoke.com\/#organization"},"potentialAction":[{"@type":"SearchAction","target":{"@type":"EntryPoint","urlTemplate":"https:\/\/azoreanpoke.com\/?s={search_term_string}"},"query-input":{"@type":"PropertyValueSpecification","valueRequired":true,"valueName":"search_term_string"}}],"inLanguage":"en-US"},{"@type":"Organization","@id":"https:\/\/azoreanpoke.com\/#organization","name":"Azorean Poke","url":"https:\/\/azoreanpoke.com\/","logo":{"@type":"ImageObject","inLanguage":"en-US","@id":"https:\/\/azoreanpoke.com\/#\/schema\/logo\/image\/","url":"https:\/\/azoreanpoke.com\/wp-content\/uploads\/2025\/12\/cropped-bd7e05_9f37b79b53b5475ea5b29a72a77dfdc7mv2-Photoroom.png","contentUrl":"https:\/\/azoreanpoke.com\/wp-content\/uploads\/2025\/12\/cropped-bd7e05_9f37b79b53b5475ea5b29a72a77dfdc7mv2-Photoroom.png","width":791,"height":856,"caption":"Azorean Poke"},"image":{"@id":"https:\/\/azoreanpoke.com\/#\/schema\/logo\/image\/"},"sameAs":["https:\/\/www.instagram.com\/azoreanpoke\/"]}]}},"_links":{"self":[{"href":"https:\/\/azoreanpoke.com\/en\/wp-json\/wp\/v2\/product\/240","targetHints":{"allow":["GET"]}}],"collection":[{"href":"https:\/\/azoreanpoke.com\/en\/wp-json\/wp\/v2\/product"}],"about":[{"href":"https:\/\/azoreanpoke.com\/en\/wp-json\/wp\/v2\/types\/product"}],"replies":[{"embeddable":true,"href":"https:\/\/azoreanpoke.com\/en\/wp-json\/wp\/v2\/comments?post=240"}],"wp:featuredmedia":[{"embeddable":true,"href":"https:\/\/azoreanpoke.com\/en\/wp-json\/wp\/v2\/media\/580"}],"wp:attachment":[{"href":"https:\/\/azoreanpoke.com\/en\/wp-json\/wp\/v2\/media?parent=240"}],"wp:term":[{"taxonomy":"product_brand","embeddable":true,"href":"https:\/\/azoreanpoke.com\/en\/wp-json\/wp\/v2\/product_brand?post=240"},{"taxonomy":"product_cat","embeddable":true,"href":"https:\/\/azoreanpoke.com\/en\/wp-json\/wp\/v2\/product_cat?post=240"},{"taxonomy":"product_tag","embeddable":true,"href":"https:\/\/azoreanpoke.com\/en\/wp-json\/wp\/v2\/product_tag?post=240"}],"curies":[{"name":"wp","href":"https:\/\/api.w.org\/{rel}","templated":true}]}}