{"id":168,"date":"2020-08-10T09:06:03","date_gmt":"2020-08-10T09:06:03","guid":{"rendered":"http:\/\/source.wpopal.com\/freshio\/product\/enormous-marble-shoes\/"},"modified":"2020-08-10T09:06:03","modified_gmt":"2020-08-10T09:06:03","slug":"enormous-marble-shoes","status":"publish","type":"product","link":"https:\/\/azoreanpoke.com\/en\/product\/enormous-marble-shoes\/","title":{"rendered":"Enormous Marble Shoes"},"content":{"rendered":"<p>Illum praesentium magnam rerum enim. Eveniet velit suscipit omnis. Adipisci ab ut distinctio qui qui. Nesciunt repellendus optio vitae quo.<\/p>\n<p>Odit perferendis minus voluptates. Atque eligendi voluptate autem libero voluptatem dolores dolorum. Maxime voluptas quia dicta qui. Eum eius placeat nam atque. Minima labore suscipit blanditiis aut voluptas cupiditate.<\/p>\n<p>Modi aliquam vitae voluptatibus voluptates reprehenderit suscipit minima. Aut impedit at nemo quibusdam repudiandae libero delectus enim.<\/p>\n<p>Distinctio labore commodi non rerum omnis. Rerum nam similique omnis qui veritatis. Aliquam velit molestiae ea mollitia nam. Sint soluta velit nobis fuga. Et quia eveniet voluptas impedit dolore nemo pariatur.<\/p>\n<p>Unde quia commodi commodi repellendus aliquam sit quaerat. Quidem vel rem sed nihil maxime cupiditate. Molestias dolorem ut ducimus explicabo. Dolores vero officiis quaerat eius perspiciatis.<\/p>","protected":false},"excerpt":{"rendered":"<p>Odio voluptas iusto et qui numquam aut quasi magni. Molestiae quia quo consequatur optio et. Magnam vel consectetur id iusto a esse.<\/p>","protected":false},"featured_media":580,"comment_status":"closed","ping_status":"closed","template":"","meta":[],"product_brand":[],"product_cat":[58,77],"product_tag":[],"class_list":{"0":"post-168","1":"product","2":"type-product","3":"status-publish","4":"has-post-thumbnail","6":"product_cat-grocery-staples","7":"product_cat-uncategorized","9":"first","10":"instock","11":"shipping-taxable","12":"purchasable","13":"product-type-simple"},"yoast_head":"<!-- This site is optimized with the Yoast SEO plugin v26.6 - https:\/\/yoast.com\/wordpress\/plugins\/seo\/ -->\n<title>Enormous Marble Shoes - Azorean Poke<\/title>\n<meta name=\"robots\" content=\"index, follow, max-snippet:-1, max-image-preview:large, max-video-preview:-1\" \/>\n<link rel=\"canonical\" href=\"https:\/\/azoreanpoke.com\/en\/product\/enormous-marble-shoes\/\" \/>\n<meta property=\"og:locale\" content=\"en_US\" \/>\n<meta property=\"og:type\" content=\"article\" \/>\n<meta property=\"og:title\" content=\"Enormous Marble Shoes - Azorean Poke\" \/>\n<meta property=\"og:description\" content=\"Odio voluptas iusto et qui numquam aut quasi magni. Molestiae quia quo consequatur optio et. Magnam vel consectetur id iusto a esse.\" \/>\n<meta property=\"og:url\" content=\"https:\/\/azoreanpoke.com\/en\/product\/enormous-marble-shoes\/\" \/>\n<meta property=\"og:site_name\" content=\"Azorean Poke\" \/>\n<meta property=\"og:image\" content=\"https:\/\/azoreanpoke.com\/wp-content\/uploads\/2020\/08\/placeholder.jpg\" \/>\n\t<meta property=\"og:image:width\" content=\"1000\" \/>\n\t<meta property=\"og:image:height\" content=\"1000\" \/>\n\t<meta property=\"og:image:type\" content=\"image\/jpeg\" \/>\n<meta name=\"twitter:card\" content=\"summary_large_image\" \/>\n<meta name=\"twitter:label1\" content=\"Est. reading time\" \/>\n\t<meta name=\"twitter:data1\" content=\"1 minute\" \/>\n<script type=\"application\/ld+json\" class=\"yoast-schema-graph\">{\"@context\":\"https:\/\/schema.org\",\"@graph\":[{\"@type\":\"WebPage\",\"@id\":\"https:\/\/azoreanpoke.com\/produto\/enormous-marble-shoes\/\",\"url\":\"https:\/\/azoreanpoke.com\/produto\/enormous-marble-shoes\/\",\"name\":\"Enormous Marble Shoes - Azorean Poke\",\"isPartOf\":{\"@id\":\"https:\/\/azoreanpoke.com\/#website\"},\"primaryImageOfPage\":{\"@id\":\"https:\/\/azoreanpoke.com\/produto\/enormous-marble-shoes\/#primaryimage\"},\"image\":{\"@id\":\"https:\/\/azoreanpoke.com\/produto\/enormous-marble-shoes\/#primaryimage\"},\"thumbnailUrl\":\"https:\/\/azoreanpoke.com\/wp-content\/uploads\/2020\/08\/placeholder.jpg\",\"datePublished\":\"2020-08-10T09:06:03+00:00\",\"breadcrumb\":{\"@id\":\"https:\/\/azoreanpoke.com\/produto\/enormous-marble-shoes\/#breadcrumb\"},\"inLanguage\":\"en-US\",\"potentialAction\":[{\"@type\":\"ReadAction\",\"target\":[\"https:\/\/azoreanpoke.com\/produto\/enormous-marble-shoes\/\"]}]},{\"@type\":\"ImageObject\",\"inLanguage\":\"en-US\",\"@id\":\"https:\/\/azoreanpoke.com\/produto\/enormous-marble-shoes\/#primaryimage\",\"url\":\"https:\/\/azoreanpoke.com\/wp-content\/uploads\/2020\/08\/placeholder.jpg\",\"contentUrl\":\"https:\/\/azoreanpoke.com\/wp-content\/uploads\/2020\/08\/placeholder.jpg\",\"width\":1000,\"height\":1000},{\"@type\":\"BreadcrumbList\",\"@id\":\"https:\/\/azoreanpoke.com\/produto\/enormous-marble-shoes\/#breadcrumb\",\"itemListElement\":[{\"@type\":\"ListItem\",\"position\":1,\"name\":\"In\u00edcio\",\"item\":\"https:\/\/azoreanpoke.com\/\"},{\"@type\":\"ListItem\",\"position\":2,\"name\":\"Loja\",\"item\":\"https:\/\/azoreanpoke.com\/loja\/\"},{\"@type\":\"ListItem\",\"position\":3,\"name\":\"Enormous Marble Shoes\"}]},{\"@type\":\"WebSite\",\"@id\":\"https:\/\/azoreanpoke.com\/#website\",\"url\":\"https:\/\/azoreanpoke.com\/\",\"name\":\"Azorean Poke | Poke Bowls Frescos em S\u00e3o Miguel, A\u00e7ores\",\"description\":\"Poke Bowls em S\u00e3o Miguel A\u00e7ores\",\"publisher\":{\"@id\":\"https:\/\/azoreanpoke.com\/#organization\"},\"potentialAction\":[{\"@type\":\"SearchAction\",\"target\":{\"@type\":\"EntryPoint\",\"urlTemplate\":\"https:\/\/azoreanpoke.com\/?s={search_term_string}\"},\"query-input\":{\"@type\":\"PropertyValueSpecification\",\"valueRequired\":true,\"valueName\":\"search_term_string\"}}],\"inLanguage\":\"en-US\"},{\"@type\":\"Organization\",\"@id\":\"https:\/\/azoreanpoke.com\/#organization\",\"name\":\"Azorean Poke\",\"url\":\"https:\/\/azoreanpoke.com\/\",\"logo\":{\"@type\":\"ImageObject\",\"inLanguage\":\"en-US\",\"@id\":\"https:\/\/azoreanpoke.com\/#\/schema\/logo\/image\/\",\"url\":\"https:\/\/azoreanpoke.com\/wp-content\/uploads\/2025\/12\/cropped-bd7e05_9f37b79b53b5475ea5b29a72a77dfdc7mv2-Photoroom.png\",\"contentUrl\":\"https:\/\/azoreanpoke.com\/wp-content\/uploads\/2025\/12\/cropped-bd7e05_9f37b79b53b5475ea5b29a72a77dfdc7mv2-Photoroom.png\",\"width\":791,\"height\":856,\"caption\":\"Azorean Poke\"},\"image\":{\"@id\":\"https:\/\/azoreanpoke.com\/#\/schema\/logo\/image\/\"},\"sameAs\":[\"https:\/\/www.instagram.com\/azoreanpoke\/\"]}]}<\/script>\n<!-- \/ Yoast SEO plugin. -->","yoast_head_json":{"title":"Enormous Marble Shoes - Azorean Poke","robots":{"index":"index","follow":"follow","max-snippet":"max-snippet:-1","max-image-preview":"max-image-preview:large","max-video-preview":"max-video-preview:-1"},"canonical":"https:\/\/azoreanpoke.com\/en\/product\/enormous-marble-shoes\/","og_locale":"en_US","og_type":"article","og_title":"Enormous Marble Shoes - Azorean Poke","og_description":"Odio voluptas iusto et qui numquam aut quasi magni. Molestiae quia quo consequatur optio et. Magnam vel consectetur id iusto a esse.","og_url":"https:\/\/azoreanpoke.com\/en\/product\/enormous-marble-shoes\/","og_site_name":"Azorean Poke","og_image":[{"width":1000,"height":1000,"url":"https:\/\/azoreanpoke.com\/wp-content\/uploads\/2020\/08\/placeholder.jpg","type":"image\/jpeg"}],"twitter_card":"summary_large_image","twitter_misc":{"Est. reading time":"1 minute"},"schema":{"@context":"https:\/\/schema.org","@graph":[{"@type":"WebPage","@id":"https:\/\/azoreanpoke.com\/produto\/enormous-marble-shoes\/","url":"https:\/\/azoreanpoke.com\/produto\/enormous-marble-shoes\/","name":"Enormous Marble Shoes - Azorean Poke","isPartOf":{"@id":"https:\/\/azoreanpoke.com\/#website"},"primaryImageOfPage":{"@id":"https:\/\/azoreanpoke.com\/produto\/enormous-marble-shoes\/#primaryimage"},"image":{"@id":"https:\/\/azoreanpoke.com\/produto\/enormous-marble-shoes\/#primaryimage"},"thumbnailUrl":"https:\/\/azoreanpoke.com\/wp-content\/uploads\/2020\/08\/placeholder.jpg","datePublished":"2020-08-10T09:06:03+00:00","breadcrumb":{"@id":"https:\/\/azoreanpoke.com\/produto\/enormous-marble-shoes\/#breadcrumb"},"inLanguage":"en-US","potentialAction":[{"@type":"ReadAction","target":["https:\/\/azoreanpoke.com\/produto\/enormous-marble-shoes\/"]}]},{"@type":"ImageObject","inLanguage":"en-US","@id":"https:\/\/azoreanpoke.com\/produto\/enormous-marble-shoes\/#primaryimage","url":"https:\/\/azoreanpoke.com\/wp-content\/uploads\/2020\/08\/placeholder.jpg","contentUrl":"https:\/\/azoreanpoke.com\/wp-content\/uploads\/2020\/08\/placeholder.jpg","width":1000,"height":1000},{"@type":"BreadcrumbList","@id":"https:\/\/azoreanpoke.com\/produto\/enormous-marble-shoes\/#breadcrumb","itemListElement":[{"@type":"ListItem","position":1,"name":"In\u00edcio","item":"https:\/\/azoreanpoke.com\/"},{"@type":"ListItem","position":2,"name":"Loja","item":"https:\/\/azoreanpoke.com\/loja\/"},{"@type":"ListItem","position":3,"name":"Enormous Marble Shoes"}]},{"@type":"WebSite","@id":"https:\/\/azoreanpoke.com\/#website","url":"https:\/\/azoreanpoke.com\/","name":"Azorean Poke | Poke Bowls Frescos em S\u00e3o Miguel, A\u00e7ores","description":"Poke Bowls em S\u00e3o Miguel A\u00e7ores","publisher":{"@id":"https:\/\/azoreanpoke.com\/#organization"},"potentialAction":[{"@type":"SearchAction","target":{"@type":"EntryPoint","urlTemplate":"https:\/\/azoreanpoke.com\/?s={search_term_string}"},"query-input":{"@type":"PropertyValueSpecification","valueRequired":true,"valueName":"search_term_string"}}],"inLanguage":"en-US"},{"@type":"Organization","@id":"https:\/\/azoreanpoke.com\/#organization","name":"Azorean Poke","url":"https:\/\/azoreanpoke.com\/","logo":{"@type":"ImageObject","inLanguage":"en-US","@id":"https:\/\/azoreanpoke.com\/#\/schema\/logo\/image\/","url":"https:\/\/azoreanpoke.com\/wp-content\/uploads\/2025\/12\/cropped-bd7e05_9f37b79b53b5475ea5b29a72a77dfdc7mv2-Photoroom.png","contentUrl":"https:\/\/azoreanpoke.com\/wp-content\/uploads\/2025\/12\/cropped-bd7e05_9f37b79b53b5475ea5b29a72a77dfdc7mv2-Photoroom.png","width":791,"height":856,"caption":"Azorean Poke"},"image":{"@id":"https:\/\/azoreanpoke.com\/#\/schema\/logo\/image\/"},"sameAs":["https:\/\/www.instagram.com\/azoreanpoke\/"]}]}},"_links":{"self":[{"href":"https:\/\/azoreanpoke.com\/en\/wp-json\/wp\/v2\/product\/168","targetHints":{"allow":["GET"]}}],"collection":[{"href":"https:\/\/azoreanpoke.com\/en\/wp-json\/wp\/v2\/product"}],"about":[{"href":"https:\/\/azoreanpoke.com\/en\/wp-json\/wp\/v2\/types\/product"}],"replies":[{"embeddable":true,"href":"https:\/\/azoreanpoke.com\/en\/wp-json\/wp\/v2\/comments?post=168"}],"wp:featuredmedia":[{"embeddable":true,"href":"https:\/\/azoreanpoke.com\/en\/wp-json\/wp\/v2\/media\/580"}],"wp:attachment":[{"href":"https:\/\/azoreanpoke.com\/en\/wp-json\/wp\/v2\/media?parent=168"}],"wp:term":[{"taxonomy":"product_brand","embeddable":true,"href":"https:\/\/azoreanpoke.com\/en\/wp-json\/wp\/v2\/product_brand?post=168"},{"taxonomy":"product_cat","embeddable":true,"href":"https:\/\/azoreanpoke.com\/en\/wp-json\/wp\/v2\/product_cat?post=168"},{"taxonomy":"product_tag","embeddable":true,"href":"https:\/\/azoreanpoke.com\/en\/wp-json\/wp\/v2\/product_tag?post=168"}],"curies":[{"name":"wp","href":"https:\/\/api.w.org\/{rel}","templated":true}]}}