{"id":88,"date":"2020-08-10T08:56:50","date_gmt":"2020-08-10T08:56:50","guid":{"rendered":"http:\/\/source.wpopal.com\/freshio\/contact-us\/"},"modified":"2026-02-08T12:40:03","modified_gmt":"2026-02-08T12:40:03","slug":"contato","status":"publish","type":"page","link":"https:\/\/azoreanpoke.com\/en\/contato\/","title":{"rendered":"Contact"},"content":{"rendered":"<div data-elementor-type=\"wp-page\" data-elementor-id=\"88\" class=\"elementor elementor-88\">\n\t\t\t\t<div class=\"elementor-element elementor-element-9a63f78 e-flex e-con-boxed e-con e-parent\" data-id=\"9a63f78\" data-element_type=\"container\" data-settings=\"{&quot;background_background&quot;:&quot;classic&quot;}\">\n\t\t\t\t\t<div class=\"e-con-inner\">\n\t\t\t\t<div class=\"elementor-element elementor-element-65f61bb elementor-widget-mobile__width-inherit elementor-absolute premium-modal-dismissible-yes elementor-widget elementor-widget-premium-addon-modal-box\" data-id=\"65f61bb\" data-element_type=\"widget\" data-settings=\"{&quot;_position&quot;:&quot;absolute&quot;,&quot;premium_modal_box_animation&quot;:&quot;fadeInDown&quot;}\" data-widget_type=\"premium-addon-modal-box.default\">\n\t\t\t\t\t\n\t\t<div class=\"premium-modal-box-container\" data-settings=\"{&quot;trigger&quot;:&quot;button&quot;,&quot;show_on_exit&quot;:false}\">\n\t\t\t<div class=\"premium-modal-trigger-container\">\n\t\t\t\t\t\t\t\t\t<button data-toggle=\"premium-modal\" data-target=\"#premium-modal-65f61bb\" type=\"button\" class=\"premium-modal-trigger-btn premium-btn-lg premium-button-none\" data-text=\"SUBSCREVA-SE\">\n\n\t\t\t\t\t\t\n\t\t\t\t\t\t<div class=\"premium-button-text-icon-wrapper\">\n\t\t\t\t\t\t\t<span>SUBSCREVA-SE<\/span>\n\t\t\t\t\t\t<\/div>\n\n\t\t\t\t\t\t\n\t\t\t\t\t\t\n\t\t\t\t\t\t\n\t\t\t\t\t<\/button>\n\t\t\t\t\t\t\t<\/div>\n\n\t\t\t<div id=\"premium-modal-65f61bb\" class=\"premium-modal-box-modal\"\n\t\t\trole=\"dialog\"\n\t\t\tstyle=\"display: none\"\n\t\t\t>\n\t\t\t\t<div class=\"premium-modal-box-modal-dialog\" data-delay-animation=\"\" data-modal-animation=\"fadeInDown animated-fast\">\n\t\t\t\t\t\t\t\t\t\t\t<div class=\"premium-modal-box-modal-header\">\n\t\t\t\t\t\t\t\t\t\t\t\t\t\t\t\t\t\t\t\t\t\t<div class=\"premium-modal-box-close-button-container\">\n\t\t\t\t\t\t\t\t\t<button type=\"button\" class=\"premium-modal-box-modal-close\" data-dismiss=\"premium-modal\">&times;<\/button>\n\t\t\t\t\t\t\t\t<\/div>\n\t\t\t\t\t\t\t\t\t\t\t\t\t<\/div>\n\t\t\t\t\t\t\t\t\t\t<div class=\"premium-modal-box-modal-body\">\n\t\t\t\t\t\t\n\t\t\t\t\t\t\t<style>.elementor-12061 .elementor-element.elementor-element-c3b3cea{--display:flex;}<\/style>\t\t<div data-elementor-type=\"container\" data-elementor-id=\"12061\" class=\"elementor elementor-12061\">\n\t\t\t\t<div class=\"elementor-element elementor-element-c3b3cea e-flex e-con-boxed e-con e-parent\" data-id=\"c3b3cea\" data-element_type=\"container\">\n\t\t\t\t\t<div class=\"e-con-inner\">\n\t\t\t\t<div class=\"elementor-element elementor-element-fc90d0a elementor-widget elementor-widget-html\" data-id=\"fc90d0a\" data-element_type=\"widget\" data-widget_type=\"html.default\">\n\t\t\t\t\t<div id=\"omnisend-embedded-v2-6987537339fce8bdc87afc34\"><\/div>\t\t\t\t<\/div>\n\t\t\t\t\t<\/div>\n\t\t\t\t<\/div>\n\t\t\t\t<\/div>\n\t\t\n\t\t\t\t\t\t\t\t\t\t\t<\/div>\n\t\t\t\t\t\t\t\t\t<\/div>\n\t\t\t<\/div>\n\t\t<\/div>\n\t\t\t\t\t\t<\/div>\n\t\t\t\t\t<\/div>\n\t\t\t\t<\/div>\n\t\t<div class=\"elementor-element elementor-element-97bd0d4 e-flex e-con-boxed e-con e-parent\" data-id=\"97bd0d4\" data-element_type=\"container\">\n\t\t\t\t\t<div class=\"e-con-inner\">\n\t\t<div class=\"elementor-element elementor-element-62eb433 e-grid e-con-full e-con e-child\" data-id=\"62eb433\" data-element_type=\"container\">\n\t\t<div class=\"elementor-element elementor-element-af0c011 e-con-full e-flex e-con e-child\" data-id=\"af0c011\" data-element_type=\"container\">\n\t\t\t\t<div class=\"elementor-element elementor-element-f4db167 heading-effect-no elementor-widget elementor-widget-heading\" data-id=\"f4db167\" data-element_type=\"widget\" data-widget_type=\"heading.default\">\n\t\t\t\t\t<h2 class=\"elementor-heading-title elementor-size-default\">MORADA<\/h2>\t\t\t\t<\/div>\n\t\t\t\t<div class=\"elementor-element elementor-element-85c4dd8 elementor-widget elementor-widget-text-editor\" data-id=\"85c4dd8\" data-element_type=\"widget\" data-widget_type=\"text-editor.default\">\n\t\t\t\t\t\t\t\t\t<p>R. DA VIT\u00d3RIA 23 C, 9500-250<\/p><p>PONTA DELGADA<\/p>\t\t\t\t\t\t\t\t<\/div>\n\t\t<div class=\"elementor-element elementor-element-9b188ad e-con-full e-flex e-con e-child\" data-id=\"9b188ad\" data-element_type=\"container\">\n\t\t\t\t<div class=\"elementor-element elementor-element-5ebee01 heading-effect-no elementor-widget elementor-widget-heading\" data-id=\"5ebee01\" data-element_type=\"widget\" data-widget_type=\"heading.default\">\n\t\t\t\t\t<h2 class=\"elementor-heading-title elementor-size-default\">TELEFONE<\/h2>\t\t\t\t<\/div>\n\t\t\t\t<div class=\"elementor-element elementor-element-1eb0cab elementor-widget elementor-widget-text-editor\" data-id=\"1eb0cab\" data-element_type=\"widget\" data-widget_type=\"text-editor.default\">\n\t\t\t\t\t\t\t\t\t<p>296 085 651<\/p>\t\t\t\t\t\t\t\t<\/div>\n\t\t<div class=\"elementor-element elementor-element-4646fc5 e-con-full e-flex e-con e-child\" data-id=\"4646fc5\" data-element_type=\"container\">\n\t\t\t\t<div class=\"elementor-element elementor-element-b31666e heading-effect-no elementor-widget elementor-widget-heading\" data-id=\"b31666e\" data-element_type=\"widget\" data-widget_type=\"heading.default\">\n\t\t\t\t\t<h2 class=\"elementor-heading-title elementor-size-default\">EMAIL<\/h2>\t\t\t\t<\/div>\n\t\t\t\t<div class=\"elementor-element elementor-element-72085be elementor-widget elementor-widget-text-editor\" data-id=\"72085be\" data-element_type=\"widget\" data-widget_type=\"text-editor.default\">\n\t\t\t\t\t\t\t\t\t<p>AZOREANPOKE@GMAIL.COM<\/p>\t\t\t\t\t\t\t\t<\/div>\n\t\t\t\t<\/div>\n\t\t\t\t<\/div>\n\t\t\t\t<\/div>\n\t\t<div class=\"elementor-element elementor-element-ab3090c e-con-full e-flex elementor-invisible e-con e-child\" data-id=\"ab3090c\" data-element_type=\"container\" data-settings=\"{&quot;background_background&quot;:&quot;classic&quot;,&quot;animation&quot;:&quot;pavo-move-up&quot;,&quot;animation_delay&quot;:600}\">\n\t\t\t\t<div class=\"elementor-element elementor-element-2e835ae tertiary-font elementor-widget__width-initial elementor-widget elementor-widget-text-editor\" data-id=\"2e835ae\" data-element_type=\"widget\" data-widget_type=\"text-editor.default\">\n\t\t\t\t\t\t\t\t\t<p>JUNTA-TE \u00c0\u00a0<\/p><p>NOSSA EQUIPA!<\/p>\t\t\t\t\t\t\t\t<\/div>\n\t\t\t\t<div class=\"elementor-element elementor-element-1d5bd96 elementor-widget elementor-widget-text-editor\" data-id=\"1d5bd96\" data-element_type=\"widget\" data-widget_type=\"text-editor.default\">\n\t\t\t\t\t\t\t\t\t<p>Se queres fazer parte da nossa<br \/>equipa, ent\u00e3o envia um email para<br \/><em>Azoreanpokestaff@gmail.com<\/em><br \/>com o assunto \u201cRecrutamento\u201d, mas<br \/>n\u00e3o se esque\u00e7a de anexar o seu CV.<\/p>\t\t\t\t\t\t\t\t<\/div>\n\t\t\t\t<\/div>\n\t\t\t\t<\/div>\n\t\t\t\t\t<\/div>\n\t\t\t\t<\/div>\n\t\t\t\t<\/div>","protected":false},"excerpt":{"rendered":"<p>SUBSCREVA-SE &times; MORADA R. DA VIT\u00d3RIA 23 C, 9500-250 PONTA DELGADA TELEFONE 296 085 651 EMAIL AZOREANPOKE@GMAIL.COM JUNTA-TE \u00c0\u00a0 NOSSA EQUIPA! Se queres fazer parte da nossaequipa, ent\u00e3o envia um email paraAzoreanpokestaff@gmail.comcom o assunto \u201cRecrutamento\u201d, masn\u00e3o se esque\u00e7a de anexar o seu CV.<\/p>","protected":false},"author":1,"featured_media":0,"parent":0,"menu_order":0,"comment_status":"closed","ping_status":"closed","template":"","meta":{"footnotes":""},"class_list":["post-88","page","type-page","status-publish","hentry"],"yoast_head":"<!-- This site is optimized with the Yoast SEO plugin v26.6 - https:\/\/yoast.com\/wordpress\/plugins\/seo\/ -->\n<title>Contato - Azorean Poke<\/title>\n<meta name=\"description\" content=\"Entre em contacto com a Azorean Poke em Ponta Delgada, S\u00e3o Miguel. Encomendas, informa\u00e7\u00f5es e pokes frescos feitos com ingredientes naturais e sustent\u00e1veis.\" \/>\n<meta name=\"robots\" content=\"index, follow, max-snippet:-1, max-image-preview:large, max-video-preview:-1\" \/>\n<link rel=\"canonical\" href=\"https:\/\/azoreanpoke.com\/en\/contato\/\" \/>\n<meta property=\"og:locale\" content=\"en_US\" \/>\n<meta property=\"og:type\" content=\"article\" \/>\n<meta property=\"og:title\" content=\"Contato - Azorean Poke\" \/>\n<meta property=\"og:description\" content=\"Entre em contacto com a Azorean Poke em Ponta Delgada, S\u00e3o Miguel. Encomendas, informa\u00e7\u00f5es e pokes frescos feitos com ingredientes naturais e sustent\u00e1veis.\" \/>\n<meta property=\"og:url\" content=\"https:\/\/azoreanpoke.com\/en\/contato\/\" \/>\n<meta property=\"og:site_name\" content=\"Azorean Poke\" \/>\n<meta property=\"article:modified_time\" content=\"2026-02-08T12:40:03+00:00\" \/>\n<meta name=\"twitter:card\" content=\"summary_large_image\" \/>\n<meta name=\"twitter:label1\" content=\"Est. reading time\" \/>\n\t<meta name=\"twitter:data1\" content=\"1 minute\" \/>\n<script type=\"application\/ld+json\" class=\"yoast-schema-graph\">{\"@context\":\"https:\/\/schema.org\",\"@graph\":[{\"@type\":\"WebPage\",\"@id\":\"https:\/\/azoreanpoke.com\/contato\/\",\"url\":\"https:\/\/azoreanpoke.com\/contato\/\",\"name\":\"Contato - Azorean Poke\",\"isPartOf\":{\"@id\":\"https:\/\/azoreanpoke.com\/#website\"},\"datePublished\":\"2020-08-10T08:56:50+00:00\",\"dateModified\":\"2026-02-08T12:40:03+00:00\",\"description\":\"Entre em contacto com a Azorean Poke em Ponta Delgada, S\u00e3o Miguel. Encomendas, informa\u00e7\u00f5es e pokes frescos feitos com ingredientes naturais e sustent\u00e1veis.\",\"breadcrumb\":{\"@id\":\"https:\/\/azoreanpoke.com\/contato\/#breadcrumb\"},\"inLanguage\":\"en-US\",\"potentialAction\":[{\"@type\":\"ReadAction\",\"target\":[\"https:\/\/azoreanpoke.com\/contato\/\"]}]},{\"@type\":\"BreadcrumbList\",\"@id\":\"https:\/\/azoreanpoke.com\/contato\/#breadcrumb\",\"itemListElement\":[{\"@type\":\"ListItem\",\"position\":1,\"name\":\"In\u00edcio\",\"item\":\"https:\/\/azoreanpoke.com\/\"},{\"@type\":\"ListItem\",\"position\":2,\"name\":\"Contato\"}]},{\"@type\":\"WebSite\",\"@id\":\"https:\/\/azoreanpoke.com\/#website\",\"url\":\"https:\/\/azoreanpoke.com\/\",\"name\":\"Azorean Poke | Poke Bowls Frescos em S\u00e3o Miguel, A\u00e7ores\",\"description\":\"Poke Bowls em S\u00e3o Miguel A\u00e7ores\",\"publisher\":{\"@id\":\"https:\/\/azoreanpoke.com\/#organization\"},\"potentialAction\":[{\"@type\":\"SearchAction\",\"target\":{\"@type\":\"EntryPoint\",\"urlTemplate\":\"https:\/\/azoreanpoke.com\/?s={search_term_string}\"},\"query-input\":{\"@type\":\"PropertyValueSpecification\",\"valueRequired\":true,\"valueName\":\"search_term_string\"}}],\"inLanguage\":\"en-US\"},{\"@type\":\"Organization\",\"@id\":\"https:\/\/azoreanpoke.com\/#organization\",\"name\":\"Azorean Poke\",\"url\":\"https:\/\/azoreanpoke.com\/\",\"logo\":{\"@type\":\"ImageObject\",\"inLanguage\":\"en-US\",\"@id\":\"https:\/\/azoreanpoke.com\/#\/schema\/logo\/image\/\",\"url\":\"https:\/\/azoreanpoke.com\/wp-content\/uploads\/2025\/12\/cropped-bd7e05_9f37b79b53b5475ea5b29a72a77dfdc7mv2-Photoroom.png\",\"contentUrl\":\"https:\/\/azoreanpoke.com\/wp-content\/uploads\/2025\/12\/cropped-bd7e05_9f37b79b53b5475ea5b29a72a77dfdc7mv2-Photoroom.png\",\"width\":791,\"height\":856,\"caption\":\"Azorean Poke\"},\"image\":{\"@id\":\"https:\/\/azoreanpoke.com\/#\/schema\/logo\/image\/\"},\"sameAs\":[\"https:\/\/www.instagram.com\/azoreanpoke\/\"]}]}<\/script>\n<!-- \/ Yoast SEO plugin. -->","yoast_head_json":{"title":"Contato - Azorean Poke","description":"Entre em contacto com a Azorean Poke em Ponta Delgada, S\u00e3o Miguel. Encomendas, informa\u00e7\u00f5es e pokes frescos feitos com ingredientes naturais e sustent\u00e1veis.","robots":{"index":"index","follow":"follow","max-snippet":"max-snippet:-1","max-image-preview":"max-image-preview:large","max-video-preview":"max-video-preview:-1"},"canonical":"https:\/\/azoreanpoke.com\/en\/contato\/","og_locale":"en_US","og_type":"article","og_title":"Contato - Azorean Poke","og_description":"Entre em contacto com a Azorean Poke em Ponta Delgada, S\u00e3o Miguel. Encomendas, informa\u00e7\u00f5es e pokes frescos feitos com ingredientes naturais e sustent\u00e1veis.","og_url":"https:\/\/azoreanpoke.com\/en\/contato\/","og_site_name":"Azorean Poke","article_modified_time":"2026-02-08T12:40:03+00:00","twitter_card":"summary_large_image","twitter_misc":{"Est. reading time":"1 minute"},"schema":{"@context":"https:\/\/schema.org","@graph":[{"@type":"WebPage","@id":"https:\/\/azoreanpoke.com\/contato\/","url":"https:\/\/azoreanpoke.com\/contato\/","name":"Contato - Azorean Poke","isPartOf":{"@id":"https:\/\/azoreanpoke.com\/#website"},"datePublished":"2020-08-10T08:56:50+00:00","dateModified":"2026-02-08T12:40:03+00:00","description":"Entre em contacto com a Azorean Poke em Ponta Delgada, S\u00e3o Miguel. Encomendas, informa\u00e7\u00f5es e pokes frescos feitos com ingredientes naturais e sustent\u00e1veis.","breadcrumb":{"@id":"https:\/\/azoreanpoke.com\/contato\/#breadcrumb"},"inLanguage":"en-US","potentialAction":[{"@type":"ReadAction","target":["https:\/\/azoreanpoke.com\/contato\/"]}]},{"@type":"BreadcrumbList","@id":"https:\/\/azoreanpoke.com\/contato\/#breadcrumb","itemListElement":[{"@type":"ListItem","position":1,"name":"In\u00edcio","item":"https:\/\/azoreanpoke.com\/"},{"@type":"ListItem","position":2,"name":"Contato"}]},{"@type":"WebSite","@id":"https:\/\/azoreanpoke.com\/#website","url":"https:\/\/azoreanpoke.com\/","name":"Azorean Poke | Poke Bowls Frescos em S\u00e3o Miguel, A\u00e7ores","description":"Poke Bowls em S\u00e3o Miguel A\u00e7ores","publisher":{"@id":"https:\/\/azoreanpoke.com\/#organization"},"potentialAction":[{"@type":"SearchAction","target":{"@type":"EntryPoint","urlTemplate":"https:\/\/azoreanpoke.com\/?s={search_term_string}"},"query-input":{"@type":"PropertyValueSpecification","valueRequired":true,"valueName":"search_term_string"}}],"inLanguage":"en-US"},{"@type":"Organization","@id":"https:\/\/azoreanpoke.com\/#organization","name":"Azorean Poke","url":"https:\/\/azoreanpoke.com\/","logo":{"@type":"ImageObject","inLanguage":"en-US","@id":"https:\/\/azoreanpoke.com\/#\/schema\/logo\/image\/","url":"https:\/\/azoreanpoke.com\/wp-content\/uploads\/2025\/12\/cropped-bd7e05_9f37b79b53b5475ea5b29a72a77dfdc7mv2-Photoroom.png","contentUrl":"https:\/\/azoreanpoke.com\/wp-content\/uploads\/2025\/12\/cropped-bd7e05_9f37b79b53b5475ea5b29a72a77dfdc7mv2-Photoroom.png","width":791,"height":856,"caption":"Azorean Poke"},"image":{"@id":"https:\/\/azoreanpoke.com\/#\/schema\/logo\/image\/"},"sameAs":["https:\/\/www.instagram.com\/azoreanpoke\/"]}]}},"_links":{"self":[{"href":"https:\/\/azoreanpoke.com\/en\/wp-json\/wp\/v2\/pages\/88","targetHints":{"allow":["GET"]}}],"collection":[{"href":"https:\/\/azoreanpoke.com\/en\/wp-json\/wp\/v2\/pages"}],"about":[{"href":"https:\/\/azoreanpoke.com\/en\/wp-json\/wp\/v2\/types\/page"}],"author":[{"embeddable":true,"href":"https:\/\/azoreanpoke.com\/en\/wp-json\/wp\/v2\/users\/1"}],"replies":[{"embeddable":true,"href":"https:\/\/azoreanpoke.com\/en\/wp-json\/wp\/v2\/comments?post=88"}],"version-history":[{"count":56,"href":"https:\/\/azoreanpoke.com\/en\/wp-json\/wp\/v2\/pages\/88\/revisions"}],"predecessor-version":[{"id":12167,"href":"https:\/\/azoreanpoke.com\/en\/wp-json\/wp\/v2\/pages\/88\/revisions\/12167"}],"wp:attachment":[{"href":"https:\/\/azoreanpoke.com\/en\/wp-json\/wp\/v2\/media?parent=88"}],"curies":[{"name":"wp","href":"https:\/\/api.w.org\/{rel}","templated":true}]}}